{"id":3837,"date":"2025-04-24T15:47:17","date_gmt":"2025-04-24T13:47:17","guid":{"rendered":"https:\/\/www.trainstationgame.com\/?page_id=3837"},"modified":"2026-04-22T08:59:18","modified_gmt":"2026-04-22T06:59:18","slug":"trainstation-3-journey-of-steel","status":"publish","type":"page","link":"https:\/\/www.trainstationgame.com\/de\/trainstation-3-journey-of-steel\/","title":{"rendered":"TrainStation 3"},"content":{"rendered":"","protected":false},"excerpt":{"rendered":"","protected":false},"author":7,"featured_media":3697,"parent":0,"menu_order":0,"comment_status":"closed","ping_status":"closed","template":"","meta":{"footnotes":""},"acf":[],"yoast_head":"<!-- This site is optimized with the Yoast SEO plugin v21.6 - https:\/\/yoast.com\/wordpress\/plugins\/seo\/ -->\n<title>TrainStation: Neues Spiel kommt bald<\/title>\n<meta name=\"description\" content=\"Mache sich f\u00fcr das n\u00e4chste Level der Eisenbahnbegeisterung mit TrainStation bereit! Gebe Acht auf Updates und Ank\u00fcndigungen\" \/>\n<meta name=\"robots\" content=\"index, follow, max-snippet:-1, max-image-preview:large, max-video-preview:-1\" \/>\n<link rel=\"canonical\" href=\"https:\/\/www.trainstationgame.com\/de\/trainstation-3-journey-of-steel\/\" \/>\n<meta property=\"og:locale\" content=\"de_DE\" \/>\n<meta property=\"og:type\" content=\"article\" \/>\n<meta property=\"og:title\" content=\"TrainStation: Neues Spiel kommt bald\" \/>\n<meta property=\"og:description\" content=\"Mache sich f\u00fcr das n\u00e4chste Level der Eisenbahnbegeisterung mit TrainStation bereit! Gebe Acht auf Updates und Ank\u00fcndigungen\" \/>\n<meta property=\"og:url\" content=\"https:\/\/www.trainstationgame.com\/de\/trainstation-3-journey-of-steel\/\" \/>\n<meta property=\"og:site_name\" content=\"TrainStation\" \/>\n<meta property=\"article:modified_time\" content=\"2026-04-22T06:59:18+00:00\" \/>\n<meta property=\"og:image\" content=\"https:\/\/d3i9l7sj72swdx.cloudfront.net\/trainstation\/2025\/04\/Feature-Image.png\" \/>\n\t<meta property=\"og:image:width\" content=\"1200\" \/>\n\t<meta property=\"og:image:height\" content=\"628\" \/>\n\t<meta property=\"og:image:type\" content=\"image\/png\" \/>\n<meta name=\"twitter:card\" content=\"summary_large_image\" \/>\n<script type=\"application\/ld+json\" class=\"yoast-schema-graph\">{\"@context\":\"https:\/\/schema.org\",\"@graph\":[{\"@type\":\"WebPage\",\"@id\":\"https:\/\/www.trainstationgame.com\/de\/trainstation-3-journey-of-steel\/\",\"url\":\"https:\/\/www.trainstationgame.com\/de\/trainstation-3-journey-of-steel\/\",\"name\":\"TrainStation: Neues Spiel kommt bald\",\"isPartOf\":{\"@id\":\"https:\/\/www.trainstationgame.com\/de\/#website\"},\"datePublished\":\"2025-04-24T13:47:17+00:00\",\"dateModified\":\"2026-04-22T06:59:18+00:00\",\"description\":\"Mache sich f\u00fcr das n\u00e4chste Level der Eisenbahnbegeisterung mit TrainStation bereit! Gebe Acht auf Updates und Ank\u00fcndigungen\",\"inLanguage\":\"de-DE\",\"potentialAction\":[{\"@type\":\"ReadAction\",\"target\":[\"https:\/\/www.trainstationgame.com\/de\/trainstation-3-journey-of-steel\/\"]}]},{\"@type\":\"WebSite\",\"@id\":\"https:\/\/www.trainstationgame.com\/de\/#website\",\"url\":\"https:\/\/www.trainstationgame.com\/de\/\",\"name\":\"TrainStation\",\"description\":\"TrainStation\",\"publisher\":{\"@id\":\"https:\/\/www.trainstationgame.com\/de\/#organization\"},\"potentialAction\":[{\"@type\":\"SearchAction\",\"target\":{\"@type\":\"EntryPoint\",\"urlTemplate\":\"https:\/\/www.trainstationgame.com\/de\/?s={search_term_string}\"},\"query-input\":\"required name=search_term_string\"}],\"inLanguage\":\"de-DE\"},{\"@type\":\"Organization\",\"@id\":\"https:\/\/www.trainstationgame.com\/de\/#organization\",\"name\":\"TrainStation\",\"url\":\"https:\/\/www.trainstationgame.com\/de\/\",\"logo\":{\"@type\":\"ImageObject\",\"inLanguage\":\"de-DE\",\"@id\":\"https:\/\/www.trainstationgame.com\/de\/#\/schema\/logo\/image\/\",\"url\":\"https:\/\/d3i9l7sj72swdx.cloudfront.net\/trainstation\/2023\/11\/logo_web_trainstation-1024x355.png\",\"contentUrl\":\"https:\/\/d3i9l7sj72swdx.cloudfront.net\/trainstation\/2023\/11\/logo_web_trainstation-1024x355.png\",\"width\":1024,\"height\":355,\"caption\":\"TrainStation\"},\"image\":{\"@id\":\"https:\/\/www.trainstationgame.com\/de\/#\/schema\/logo\/image\/\"}}]}<\/script>\n<!-- \/ Yoast SEO plugin. -->","yoast_head_json":{"title":"TrainStation: Neues Spiel kommt bald","description":"Mache sich f\u00fcr das n\u00e4chste Level der Eisenbahnbegeisterung mit TrainStation bereit! Gebe Acht auf Updates und Ank\u00fcndigungen","robots":{"index":"index","follow":"follow","max-snippet":"max-snippet:-1","max-image-preview":"max-image-preview:large","max-video-preview":"max-video-preview:-1"},"canonical":"https:\/\/www.trainstationgame.com\/de\/trainstation-3-journey-of-steel\/","og_locale":"de_DE","og_type":"article","og_title":"TrainStation: Neues Spiel kommt bald","og_description":"Mache sich f\u00fcr das n\u00e4chste Level der Eisenbahnbegeisterung mit TrainStation bereit! Gebe Acht auf Updates und Ank\u00fcndigungen","og_url":"https:\/\/www.trainstationgame.com\/de\/trainstation-3-journey-of-steel\/","og_site_name":"TrainStation","article_modified_time":"2026-04-22T06:59:18+00:00","og_image":[{"width":1200,"height":628,"url":"https:\/\/d3i9l7sj72swdx.cloudfront.net\/trainstation\/2025\/04\/Feature-Image.png","type":"image\/png"}],"twitter_card":"summary_large_image","schema":{"@context":"https:\/\/schema.org","@graph":[{"@type":"WebPage","@id":"https:\/\/www.trainstationgame.com\/de\/trainstation-3-journey-of-steel\/","url":"https:\/\/www.trainstationgame.com\/de\/trainstation-3-journey-of-steel\/","name":"TrainStation: Neues Spiel kommt bald","isPartOf":{"@id":"https:\/\/www.trainstationgame.com\/de\/#website"},"datePublished":"2025-04-24T13:47:17+00:00","dateModified":"2026-04-22T06:59:18+00:00","description":"Mache sich f\u00fcr das n\u00e4chste Level der Eisenbahnbegeisterung mit TrainStation bereit! Gebe Acht auf Updates und Ank\u00fcndigungen","inLanguage":"de-DE","potentialAction":[{"@type":"ReadAction","target":["https:\/\/www.trainstationgame.com\/de\/trainstation-3-journey-of-steel\/"]}]},{"@type":"WebSite","@id":"https:\/\/www.trainstationgame.com\/de\/#website","url":"https:\/\/www.trainstationgame.com\/de\/","name":"TrainStation","description":"TrainStation","publisher":{"@id":"https:\/\/www.trainstationgame.com\/de\/#organization"},"potentialAction":[{"@type":"SearchAction","target":{"@type":"EntryPoint","urlTemplate":"https:\/\/www.trainstationgame.com\/de\/?s={search_term_string}"},"query-input":"required name=search_term_string"}],"inLanguage":"de-DE"},{"@type":"Organization","@id":"https:\/\/www.trainstationgame.com\/de\/#organization","name":"TrainStation","url":"https:\/\/www.trainstationgame.com\/de\/","logo":{"@type":"ImageObject","inLanguage":"de-DE","@id":"https:\/\/www.trainstationgame.com\/de\/#\/schema\/logo\/image\/","url":"https:\/\/d3i9l7sj72swdx.cloudfront.net\/trainstation\/2023\/11\/logo_web_trainstation-1024x355.png","contentUrl":"https:\/\/d3i9l7sj72swdx.cloudfront.net\/trainstation\/2023\/11\/logo_web_trainstation-1024x355.png","width":1024,"height":355,"caption":"TrainStation"},"image":{"@id":"https:\/\/www.trainstationgame.com\/de\/#\/schema\/logo\/image\/"}}]}},"_links":{"self":[{"href":"https:\/\/www.trainstationgame.com\/de\/wp-json\/wp\/v2\/pages\/3837"}],"collection":[{"href":"https:\/\/www.trainstationgame.com\/de\/wp-json\/wp\/v2\/pages"}],"about":[{"href":"https:\/\/www.trainstationgame.com\/de\/wp-json\/wp\/v2\/types\/page"}],"author":[{"embeddable":true,"href":"https:\/\/www.trainstationgame.com\/de\/wp-json\/wp\/v2\/users\/7"}],"replies":[{"embeddable":true,"href":"https:\/\/www.trainstationgame.com\/de\/wp-json\/wp\/v2\/comments?post=3837"}],"version-history":[{"count":37,"href":"https:\/\/www.trainstationgame.com\/de\/wp-json\/wp\/v2\/pages\/3837\/revisions"}],"predecessor-version":[{"id":4995,"href":"https:\/\/www.trainstationgame.com\/de\/wp-json\/wp\/v2\/pages\/3837\/revisions\/4995"}],"wp:featuredmedia":[{"embeddable":true,"href":"https:\/\/www.trainstationgame.com\/de\/wp-json\/wp\/v2\/media\/3697"}],"wp:attachment":[{"href":"https:\/\/www.trainstationgame.com\/de\/wp-json\/wp\/v2\/media?parent=3837"}],"curies":[{"name":"wp","href":"https:\/\/api.w.org\/{rel}","templated":true}]}}